{"id":3764,"date":"2026-03-12T07:29:38","date_gmt":"2026-03-12T07:29:38","guid":{"rendered":"https:\/\/artmovementsmag.ro\/about\/"},"modified":"2026-03-16T12:03:22","modified_gmt":"2026-03-16T12:03:22","slug":"about","status":"publish","type":"page","link":"https:\/\/artmovementsmag.ro\/en\/about\/","title":{"rendered":"Despre noi"},"content":{"rendered":"<div class=\"wp-block-group alignfull\"><div class=\"wp-block-group__inner-container is-layout-flow wp-block-group-is-layout-flow\">\n<div class=\"wp-block-group alignfull\" style=\"padding-top:var(--wp--preset--spacing--superbspacing-xxlarge);padding-right:var(--wp--preset--spacing--superbspacing-small);padding-bottom:var(--wp--preset--spacing--superbspacing-xxlarge);padding-left:var(--wp--preset--spacing--superbspacing-small)\"><div class=\"wp-block-group__inner-container is-layout-constrained wp-container-core-group-is-layout-7dc229c6 wp-block-group-is-layout-constrained\">\n<div class=\"wp-block-columns alignwide is-layout-flex wp-container-core-columns-is-layout-a001aa69 wp-block-columns-is-layout-flex\" style=\"margin-top:0;margin-bottom:0\">\n<div class=\"wp-block-column is-vertically-aligned-center is-layout-flow wp-container-core-column-is-layout-db2cb278 wp-block-column-is-layout-flow\"><h3 class=\"wp-block-heading has-text-align-left has-superbfont-large-font-size\" id=\"art-movements-magazine-contemporary-art-culture\">Art Movements Magazine  Contemporary Art &amp; Culture<\/h3>\n\n\n\n<p class=\"has-text-align-left has-secondary-color has-text-color has-superbfont-medium-font-size\">Art Movements Magazine este o platform\u0103 cultural\u0103, non-profit, dedicat\u0103 artei vizuale,  \u0219i expresiilor contemporane, care exploreaz\u0103 tendin\u021bele actuale \u0219i pove\u0219tile din spatele crea\u021biei artistice. Revista combin\u0103 imagini spectaculoase, interviuri exclusive \u0219i articole de fond pentru a aduce cititorilor o experien\u021b\u0103 complet\u0103 \u0219i captivant\u0103.<br><\/p>\n\n\n<h2 class=\"wp-block-heading has-text-align-left has-primary-color has-text-color has-superbfont-xxsmall-font-size\" style=\"font-style:normal;font-weight:700;letter-spacing:5px;text-transform:uppercase\" id=\"art-movements-magazine\">Art Movements magazine<\/h2>\n<\/div>\n\n\n\n<div class=\"wp-block-column is-vertically-aligned-center is-layout-flow wp-container-core-column-is-layout-40a2a7e8 wp-block-column-is-layout-flow\" style=\"padding-right:0;padding-bottom:0;padding-left:0\">\n<figure data-spectra-id=\"spectra-mmt4s7oy-77rlku\" class=\"wp-block-image size-large has-custom-border\"><img fetchpriority=\"high\" decoding=\"async\" width=\"1024\" height=\"575\" src=\"https:\/\/artmovementsmag.ro\/wp-content\/uploads\/2026\/03\/pexels-photo-2929889-2929889-1024x575.jpg\" alt=\"Pexels Photo 2929889 2929889 1024x575\" class=\"wp-image-3668\" title=\"Despre noi\" srcset=\"https:\/\/artmovementsmag.ro\/wp-content\/uploads\/2026\/03\/pexels-photo-2929889-2929889-1024x575.jpg 1024w, https:\/\/artmovementsmag.ro\/wp-content\/uploads\/2026\/03\/pexels-photo-2929889-2929889-scaled-600x337.jpg 600w, https:\/\/artmovementsmag.ro\/wp-content\/uploads\/2026\/03\/pexels-photo-2929889-2929889-300x168.jpg 300w, https:\/\/artmovementsmag.ro\/wp-content\/uploads\/2026\/03\/pexels-photo-2929889-2929889-768x431.jpg 768w, https:\/\/artmovementsmag.ro\/wp-content\/uploads\/2026\/03\/pexels-photo-2929889-2929889-1536x862.jpg 1536w, https:\/\/artmovementsmag.ro\/wp-content\/uploads\/2026\/03\/pexels-photo-2929889-2929889-2048x1150.jpg 2048w\" sizes=\"(max-width: 1024px) 100vw, 1024px\" \/><\/figure>\n<\/div>\n<\/div>\n<\/div><\/div>\n<\/div><\/div>\n\n\n<div data-spectra-id=\"spectra-mgrv3gvt-iu5d9g\"\tstyle=\"overflow: visible; --spectra-background-color: var(--ast-global-color-4);\" class=\"spectra-is-root-container alignfull spectra-overlay-color spectra-overflow spectra-background-color wp-block-spectra-container\" data-orientation=\"vertical\"\t>\n\t\n<div data-spectra-id=\"spectra-mgrv3nea-kzy3jh\" style=\"overflow: visible\" class=\"spectra-overlay-color spectra-overflow wp-block-spectra-container\" data-orientation=\"vertical\">\n\t\n<div data-spectra-id=\"spectra-mgrv3pgk-1z6nq1\" style=\"overflow: visible\" class=\"spectra-overlay-color spectra-overflow wp-block-spectra-container\" data-orientation=\"vertical\">\n\t\n\t<h2 data-spectra-id=\"spectra-6e670204-heading\" style=\"--spectra-text-color: #000f2b\" class=\"has-text-color spectra-text-color wp-block-spectra-content has-text-color has-000-f-2-b-color\">\n\t\tMisiune\t<\/h2>\n\n\n\t<p data-spectra-id=\"spectra-6e670204-desc\" style=\"--spectra-text-color: #3a3a3a\" class=\"has-text-color spectra-text-color wp-block-spectra-content has-text-color has-3-a-3-a-3-a-color\">\n\t\tMisiunea revistei este de a aduce mai aproape de public arta contemporan\u0103 \u0219i vocile creative ale prezentului.\t<\/p>\n\n<\/div>\n\n\n<div data-spectra-id=\"spectra-mgrv3pgm-kqjwtz\" style=\"overflow: visible\" class=\"spectra-overlay-color spectra-overflow wp-block-spectra-container\" data-orientation=\"vertical\">\n\t\n\t<h2 data-spectra-id=\"spectra-heading-85427a9f\" style=\"--spectra-text-color: #000f2b\" class=\"has-text-color spectra-text-color wp-block-spectra-content has-text-color has-000-f-2-b-color\">\n\t\tViziune\t<\/h2>\n\n\n\t<p data-spectra-id=\"spectra-desc-85427a9f\" style=\"--spectra-text-color: #3a3a3a\" class=\"has-text-color spectra-text-color wp-block-spectra-content has-text-color has-3-a-3-a-3-a-color\">\n\t\tViziunea revistei este de a crea o comunitate \u00een jurul artei contemporane, devenind o surs\u0103 de inspira\u021bie \u0219i informare pentru to\u021bi cei interesa\u021bi de noile direc\u021bii din art\u0103. \t<\/p>\n\n<\/div>\n\n\n<div data-spectra-id=\"spectra-mgrv3pgp-p4tzgg\" style=\"overflow: visible\" class=\"spectra-overlay-color spectra-overflow wp-block-spectra-container\" data-orientation=\"vertical\">\n\t\n\t<h2 data-spectra-id=\"spectra-mgrurgzw-ee7dha\" class=\"wp-block-spectra-content\">\n\t\tValori\t<\/h2>\n\n\n\n<ul data-spectra-id=\"spectra-mgrusrk1-gratml\" class=\"spectra-list spectra-list-unordered wp-block-spectra-list\">\n\t\n\n<li data-spectra-id=\"spectra-mgrusrng-hhkui1\" class=\"spectra-list-item spectra-list-item-unordered spectra-list-item-level-0 wp-block-spectra-list-child-item\">\n\t\n<div data-spectra-id=\"spectra-mgrusrqx-sx8x9b\" style=\"--spectra-text-color: var(--ast-global-color-0)\" class=\"spectra-list-icon spectra-list-icon-unordered spectra-text-color wp-block-spectra-list-child-icon\">\n\t\t\t\t\t\t<svg class=\"spectra-icon\" xmlns=\"https:\/\/www.w3.org\/2000\/svg\" viewbox=\"0 0 256 512\" focusable=\"false\" style=\"fill: currentColor\"><path d=\"M118.6 105.4l128 127.1C252.9 239.6 256 247.8 256 255.1s-3.125 16.38-9.375 22.63l-128 127.1c-9.156 9.156-22.91 11.9-34.88 6.943S64 396.9 64 383.1V128c0-12.94 7.781-24.62 19.75-29.58S109.5 96.23 118.6 105.4z\"><\/path><\/svg>\n\t\t\t\t<\/div>\n\n\n<div data-spectra-id=\"spectra-mgrusrqz-h4w6ne\" style=\"overflow: visible\" class=\"spectra-overlay-color spectra-overflow wp-block-spectra-container\" data-orientation=\"vertical\">\n\t\n\t<p data-spectra-id=\"spectra-mgrvevw3-p57iox\" class=\"wp-block-spectra-content\">\n\t\tDiversitate si deschidere\t<\/p>\n\n<\/div>\n\n<\/li>\n\n\n\n<li data-spectra-id=\"spectra-9bf60163-192b-4b82-8635-6ca59ed2e36b\" class=\"spectra-list-item spectra-list-item-unordered spectra-list-item-level-0 wp-block-spectra-list-child-item\">\n\t\n<div data-spectra-id=\"spectra-7ae38c62-f66c-42b6-96c2-3fd667819ab2\" style=\"--spectra-text-color: var(--ast-global-color-0)\" class=\"spectra-list-icon spectra-list-icon-unordered spectra-text-color wp-block-spectra-list-child-icon\">\n\t\t\t\t\t\t<svg class=\"spectra-icon\" xmlns=\"https:\/\/www.w3.org\/2000\/svg\" viewbox=\"0 0 256 512\" focusable=\"false\" style=\"fill: currentColor\"><path d=\"M118.6 105.4l128 127.1C252.9 239.6 256 247.8 256 255.1s-3.125 16.38-9.375 22.63l-128 127.1c-9.156 9.156-22.91 11.9-34.88 6.943S64 396.9 64 383.1V128c0-12.94 7.781-24.62 19.75-29.58S109.5 96.23 118.6 105.4z\"><\/path><\/svg>\n\t\t\t\t<\/div>\n\n\n<div data-spectra-id=\"spectra-48a4533a-bfaa-42c3-a4f0-1a4996233f2e\" style=\"overflow: visible\" class=\"spectra-overlay-color spectra-overflow wp-block-spectra-container\" data-orientation=\"vertical\">\n\t\n\t<p data-spectra-id=\"spectra-mgrveyqw-ger23t\" class=\"wp-block-spectra-content\">\n\t\tSus\u021binerea arti\u0219tilor emergen\u021bi\t<\/p>\n\n<\/div>\n\n<\/li>\n\n\n\n<li data-spectra-id=\"spectra-de4cd81c-2dec-4a20-807a-af1b2030a425\" class=\"spectra-list-item spectra-list-item-unordered spectra-list-item-level-0 wp-block-spectra-list-child-item\">\n\t\n<div data-spectra-id=\"spectra-b90cb988-9f3d-45f8-ba34-3433877dc354\" style=\"--spectra-text-color: var(--ast-global-color-0)\" class=\"spectra-list-icon spectra-list-icon-unordered spectra-text-color wp-block-spectra-list-child-icon\">\n\t\t\t\t\t\t<svg class=\"spectra-icon\" xmlns=\"https:\/\/www.w3.org\/2000\/svg\" viewbox=\"0 0 256 512\" focusable=\"false\" style=\"fill: currentColor\"><path d=\"M118.6 105.4l128 127.1C252.9 239.6 256 247.8 256 255.1s-3.125 16.38-9.375 22.63l-128 127.1c-9.156 9.156-22.91 11.9-34.88 6.943S64 396.9 64 383.1V128c0-12.94 7.781-24.62 19.75-29.58S109.5 96.23 118.6 105.4z\"><\/path><\/svg>\n\t\t\t\t<\/div>\n\n\n<div data-spectra-id=\"spectra-630edfb8-6fbf-415a-b01d-938f3cffd564\" style=\"overflow: visible\" class=\"spectra-overlay-color spectra-overflow wp-block-spectra-container\" data-orientation=\"vertical\">\n\t\n\t<p data-spectra-id=\"spectra-mgrvf1ma-05ualu\" class=\"wp-block-spectra-content\">\n\t\tEduca\u021bie artistic\u0103\t<\/p>\n\n<\/div>\n\n<\/li>\n\n<\/ul>\n\n<\/div>\n\n<\/div>\n\n<\/div>","protected":false},"excerpt":{"rendered":"<p>Art Movements Magazine Contemporary Art &amp; Culture Art Movements Magazine este o platform\u0103 cultural\u0103, non-profit, dedicat\u0103 artei vizuale, \u0219i expresiilor contemporane, care exploreaz\u0103 tendin\u021bele actuale \u0219i pove\u0219tile din spatele crea\u021biei artistice. Revista combin\u0103 imagini spectaculoase, interviuri exclusive \u0219i articole de fond pentru a aduce cititorilor o experien\u021b\u0103 complet\u0103 \u0219i captivant\u0103. Art Movements magazine<\/p>","protected":false},"author":1,"featured_media":0,"parent":0,"menu_order":0,"comment_status":"closed","ping_status":"closed","template":"","meta":{"_uag_custom_page_level_css":"","footnotes":""},"class_list":["post-3764","page","type-page","status-publish","hentry"],"aioseo_notices":[],"_hostinger_reach_plugin_has_subscription_block":false,"_hostinger_reach_plugin_is_elementor":false,"uagb_featured_image_src":{"full":false,"thumbnail":false,"medium":false,"medium_large":false,"large":false,"1536x1536":false,"2048x2048":false,"trp-custom-language-flag":false,"slider-bg":false,"card-grid":false,"card-list":false,"tiny":false,"thumbnail-medium":false,"thumbnail-square":false,"thumbnail-portrait":false,"thumbnail-large":false,"woocommerce_thumbnail":false,"woocommerce_single":false,"woocommerce_gallery_thumbnail":false},"uagb_author_info":{"display_name":"cristina_pascaru02@yahoo.com","author_link":"https:\/\/artmovementsmag.ro\/en\/author\/cristina_pascaru02yahoo-com\/"},"uagb_comment_info":0,"uagb_excerpt":"Art Movements Magazine Contemporary Art &amp; Culture Art Movements Magazine este o platform\u0103 cultural\u0103, non-profit, dedicat\u0103 artei vizuale, \u0219i expresiilor contemporane, care exploreaz\u0103 tendin\u021bele actuale \u0219i pove\u0219tile din spatele crea\u021biei artistice. Revista combin\u0103 imagini spectaculoase, interviuri exclusive \u0219i articole de fond pentru a aduce cititorilor o experien\u021b\u0103 complet\u0103 \u0219i captivant\u0103. Art Movements magazine","_links":{"self":[{"href":"https:\/\/artmovementsmag.ro\/en\/wp-json\/wp\/v2\/pages\/3764","targetHints":{"allow":["GET"]}}],"collection":[{"href":"https:\/\/artmovementsmag.ro\/en\/wp-json\/wp\/v2\/pages"}],"about":[{"href":"https:\/\/artmovementsmag.ro\/en\/wp-json\/wp\/v2\/types\/page"}],"author":[{"embeddable":true,"href":"https:\/\/artmovementsmag.ro\/en\/wp-json\/wp\/v2\/users\/1"}],"replies":[{"embeddable":true,"href":"https:\/\/artmovementsmag.ro\/en\/wp-json\/wp\/v2\/comments?post=3764"}],"version-history":[{"count":8,"href":"https:\/\/artmovementsmag.ro\/en\/wp-json\/wp\/v2\/pages\/3764\/revisions"}],"predecessor-version":[{"id":3891,"href":"https:\/\/artmovementsmag.ro\/en\/wp-json\/wp\/v2\/pages\/3764\/revisions\/3891"}],"wp:attachment":[{"href":"https:\/\/artmovementsmag.ro\/en\/wp-json\/wp\/v2\/media?parent=3764"}],"curies":[{"name":"wp","href":"https:\/\/api.w.org\/{rel}","templated":true}]}}